{"id":2516,"date":"2020-03-15T12:18:57","date_gmt":"2020-03-15T11:18:57","guid":{"rendered":"https:\/\/enilorac.fr\/?page_id=2516"},"modified":"2025-03-14T15:18:54","modified_gmt":"2025-03-14T14:18:54","slug":"spectacle","status":"publish","type":"page","link":"https:\/\/enilorac.fr\/index.php\/spectacle\/","title":{"rendered":"SPECTACLE"},"content":{"rendered":"","protected":false},"excerpt":{"rendered":"","protected":false},"author":1,"featured_media":0,"parent":0,"menu_order":0,"comment_status":"closed","ping_status":"closed","template":"","meta":{"footnotes":""},"class_list":["post-2516","page","type-page","status-publish"],"yoast_head":"<!-- This site is optimized with the Yoast SEO plugin v25.3.1 - https:\/\/yoast.com\/wordpress\/plugins\/seo\/ -->\n<title>SPECTACLE Enilorac Photographe &amp; Videaste | Mariage R\u00e9union 974<\/title>\n<meta name=\"description\" content=\"Porfolio photographie de spectacle, concert danse, Enilorac photography, documentary photographer, \u00cele de la R\u00e9union. R\u00e9union.\" \/>\n<meta name=\"robots\" content=\"index, follow, max-snippet:-1, max-image-preview:large, max-video-preview:-1\" \/>\n<link rel=\"canonical\" href=\"https:\/\/enilorac.fr\/index.php\/spectacle\/\" \/>\n<meta property=\"og:locale\" content=\"fr_FR\" \/>\n<meta property=\"og:type\" content=\"article\" \/>\n<meta property=\"og:title\" content=\"SPECTACLE Enilorac Photographe &amp; Videaste | Mariage R\u00e9union 974\" \/>\n<meta property=\"og:description\" content=\"Porfolio photographie de spectacle, concert danse, Enilorac photography, documentary photographer, \u00cele de la R\u00e9union. R\u00e9union.\" \/>\n<meta property=\"og:url\" content=\"https:\/\/enilorac.fr\/index.php\/spectacle\/\" \/>\n<meta property=\"og:site_name\" content=\"Enilorac Photographe &amp; Videaste | Mariage R\u00e9union 974\" \/>\n<meta property=\"article:publisher\" content=\"https:\/\/www.facebook.com\/jnenilorac\" \/>\n<meta property=\"article:modified_time\" content=\"2025-03-14T14:18:54+00:00\" \/>\n<meta property=\"og:image\" content=\"https:\/\/enilorac.fr\/wp-content\/uploads\/2017\/06\/enilorac-mariage-reunion-218.jpg\" \/>\n\t<meta property=\"og:image:width\" content=\"771\" \/>\n\t<meta property=\"og:image:height\" content=\"1000\" \/>\n\t<meta property=\"og:image:type\" content=\"image\/jpeg\" \/>\n<meta name=\"twitter:card\" content=\"summary_large_image\" \/>\n<meta name=\"twitter:label1\" content=\"Dur\u00e9e de lecture estim\u00e9e\" \/>\n\t<meta name=\"twitter:data1\" content=\"1 minute\" \/>\n<script type=\"application\/ld+json\" class=\"yoast-schema-graph\">{\"@context\":\"https:\/\/schema.org\",\"@graph\":[{\"@type\":\"WebPage\",\"@id\":\"https:\/\/enilorac.fr\/index.php\/spectacle\/\",\"url\":\"https:\/\/enilorac.fr\/index.php\/spectacle\/\",\"name\":\"SPECTACLE Enilorac Photographe &amp; Videaste | Mariage R\u00e9union 974\",\"isPartOf\":{\"@id\":\"https:\/\/enilorac.fr\/#website\"},\"datePublished\":\"2020-03-15T11:18:57+00:00\",\"dateModified\":\"2025-03-14T14:18:54+00:00\",\"description\":\"Porfolio photographie de spectacle, concert danse, Enilorac photography, documentary photographer, \u00cele de la R\u00e9union. R\u00e9union.\",\"breadcrumb\":{\"@id\":\"https:\/\/enilorac.fr\/index.php\/spectacle\/#breadcrumb\"},\"inLanguage\":\"fr-FR\",\"potentialAction\":[{\"@type\":\"ReadAction\",\"target\":[\"https:\/\/enilorac.fr\/index.php\/spectacle\/\"]}]},{\"@type\":\"BreadcrumbList\",\"@id\":\"https:\/\/enilorac.fr\/index.php\/spectacle\/#breadcrumb\",\"itemListElement\":[{\"@type\":\"ListItem\",\"position\":1,\"name\":\"Accueil\",\"item\":\"https:\/\/enilorac.fr\/\"},{\"@type\":\"ListItem\",\"position\":2,\"name\":\"SPECTACLE\"}]},{\"@type\":\"WebSite\",\"@id\":\"https:\/\/enilorac.fr\/#website\",\"url\":\"https:\/\/enilorac.fr\/\",\"name\":\"Enilorac Photographe &amp; Videaste | Mariage R\u00e9union 974\",\"description\":\"Photographe &amp; vid\u00e9aste mariage Reunion\",\"publisher\":{\"@id\":\"https:\/\/enilorac.fr\/#organization\"},\"potentialAction\":[{\"@type\":\"SearchAction\",\"target\":{\"@type\":\"EntryPoint\",\"urlTemplate\":\"https:\/\/enilorac.fr\/?s={search_term_string}\"},\"query-input\":{\"@type\":\"PropertyValueSpecification\",\"valueRequired\":true,\"valueName\":\"search_term_string\"}}],\"inLanguage\":\"fr-FR\"},{\"@type\":\"Organization\",\"@id\":\"https:\/\/enilorac.fr\/#organization\",\"name\":\"enilorac photography\",\"url\":\"https:\/\/enilorac.fr\/\",\"logo\":{\"@type\":\"ImageObject\",\"inLanguage\":\"fr-FR\",\"@id\":\"https:\/\/enilorac.fr\/#\/schema\/logo\/image\/\",\"url\":\"https:\/\/enilorac.fr\/wp-content\/uploads\/2017\/06\/enilorac-mariage-reunion-218.jpg\",\"contentUrl\":\"https:\/\/enilorac.fr\/wp-content\/uploads\/2017\/06\/enilorac-mariage-reunion-218.jpg\",\"width\":771,\"height\":1000,\"caption\":\"enilorac photography\"},\"image\":{\"@id\":\"https:\/\/enilorac.fr\/#\/schema\/logo\/image\/\"},\"sameAs\":[\"https:\/\/www.facebook.com\/jnenilorac\",\"https:\/\/www.instagram.com\/eniloracphotography\/?hl=fr\",\"https:\/\/www.linkedin.com\/in\/eniloracphotography\/\"]}]}<\/script>\n<!-- \/ Yoast SEO plugin. -->","yoast_head_json":{"title":"SPECTACLE Enilorac Photographe &amp; Videaste | Mariage R\u00e9union 974","description":"Porfolio photographie de spectacle, concert danse, Enilorac photography, documentary photographer, \u00cele de la R\u00e9union. R\u00e9union.","robots":{"index":"index","follow":"follow","max-snippet":"max-snippet:-1","max-image-preview":"max-image-preview:large","max-video-preview":"max-video-preview:-1"},"canonical":"https:\/\/enilorac.fr\/index.php\/spectacle\/","og_locale":"fr_FR","og_type":"article","og_title":"SPECTACLE Enilorac Photographe &amp; Videaste | Mariage R\u00e9union 974","og_description":"Porfolio photographie de spectacle, concert danse, Enilorac photography, documentary photographer, \u00cele de la R\u00e9union. R\u00e9union.","og_url":"https:\/\/enilorac.fr\/index.php\/spectacle\/","og_site_name":"Enilorac Photographe &amp; Videaste | Mariage R\u00e9union 974","article_publisher":"https:\/\/www.facebook.com\/jnenilorac","article_modified_time":"2025-03-14T14:18:54+00:00","og_image":[{"width":771,"height":1000,"url":"https:\/\/enilorac.fr\/wp-content\/uploads\/2017\/06\/enilorac-mariage-reunion-218.jpg","type":"image\/jpeg"}],"twitter_card":"summary_large_image","twitter_misc":{"Dur\u00e9e de lecture estim\u00e9e":"1 minute"},"schema":{"@context":"https:\/\/schema.org","@graph":[{"@type":"WebPage","@id":"https:\/\/enilorac.fr\/index.php\/spectacle\/","url":"https:\/\/enilorac.fr\/index.php\/spectacle\/","name":"SPECTACLE Enilorac Photographe &amp; Videaste | Mariage R\u00e9union 974","isPartOf":{"@id":"https:\/\/enilorac.fr\/#website"},"datePublished":"2020-03-15T11:18:57+00:00","dateModified":"2025-03-14T14:18:54+00:00","description":"Porfolio photographie de spectacle, concert danse, Enilorac photography, documentary photographer, \u00cele de la R\u00e9union. R\u00e9union.","breadcrumb":{"@id":"https:\/\/enilorac.fr\/index.php\/spectacle\/#breadcrumb"},"inLanguage":"fr-FR","potentialAction":[{"@type":"ReadAction","target":["https:\/\/enilorac.fr\/index.php\/spectacle\/"]}]},{"@type":"BreadcrumbList","@id":"https:\/\/enilorac.fr\/index.php\/spectacle\/#breadcrumb","itemListElement":[{"@type":"ListItem","position":1,"name":"Accueil","item":"https:\/\/enilorac.fr\/"},{"@type":"ListItem","position":2,"name":"SPECTACLE"}]},{"@type":"WebSite","@id":"https:\/\/enilorac.fr\/#website","url":"https:\/\/enilorac.fr\/","name":"Enilorac Photographe &amp; Videaste | Mariage R\u00e9union 974","description":"Photographe &amp; vid\u00e9aste mariage Reunion","publisher":{"@id":"https:\/\/enilorac.fr\/#organization"},"potentialAction":[{"@type":"SearchAction","target":{"@type":"EntryPoint","urlTemplate":"https:\/\/enilorac.fr\/?s={search_term_string}"},"query-input":{"@type":"PropertyValueSpecification","valueRequired":true,"valueName":"search_term_string"}}],"inLanguage":"fr-FR"},{"@type":"Organization","@id":"https:\/\/enilorac.fr\/#organization","name":"enilorac photography","url":"https:\/\/enilorac.fr\/","logo":{"@type":"ImageObject","inLanguage":"fr-FR","@id":"https:\/\/enilorac.fr\/#\/schema\/logo\/image\/","url":"https:\/\/enilorac.fr\/wp-content\/uploads\/2017\/06\/enilorac-mariage-reunion-218.jpg","contentUrl":"https:\/\/enilorac.fr\/wp-content\/uploads\/2017\/06\/enilorac-mariage-reunion-218.jpg","width":771,"height":1000,"caption":"enilorac photography"},"image":{"@id":"https:\/\/enilorac.fr\/#\/schema\/logo\/image\/"},"sameAs":["https:\/\/www.facebook.com\/jnenilorac","https:\/\/www.instagram.com\/eniloracphotography\/?hl=fr","https:\/\/www.linkedin.com\/in\/eniloracphotography\/"]}]}},"_links":{"self":[{"href":"https:\/\/enilorac.fr\/index.php\/wp-json\/wp\/v2\/pages\/2516"}],"collection":[{"href":"https:\/\/enilorac.fr\/index.php\/wp-json\/wp\/v2\/pages"}],"about":[{"href":"https:\/\/enilorac.fr\/index.php\/wp-json\/wp\/v2\/types\/page"}],"author":[{"embeddable":true,"href":"https:\/\/enilorac.fr\/index.php\/wp-json\/wp\/v2\/users\/1"}],"replies":[{"embeddable":true,"href":"https:\/\/enilorac.fr\/index.php\/wp-json\/wp\/v2\/comments?post=2516"}],"version-history":[{"count":3,"href":"https:\/\/enilorac.fr\/index.php\/wp-json\/wp\/v2\/pages\/2516\/revisions"}],"predecessor-version":[{"id":3963,"href":"https:\/\/enilorac.fr\/index.php\/wp-json\/wp\/v2\/pages\/2516\/revisions\/3963"}],"wp:attachment":[{"href":"https:\/\/enilorac.fr\/index.php\/wp-json\/wp\/v2\/media?parent=2516"}],"curies":[{"name":"wp","href":"https:\/\/api.w.org\/{rel}","templated":true}]}}